{"id":56,"date":"2014-10-24T10:00:34","date_gmt":"2014-10-24T14:00:34","guid":{"rendered":"http:\/\/gpsanvicente.gob.ec\/azuay\/?page_id=56"},"modified":"2015-02-13T07:48:07","modified_gmt":"2015-02-13T11:48:07","slug":"documentos-2014-2015","status":"publish","type":"page","link":"https:\/\/gpsanvicente.gob.ec\/azuay\/?page_id=56","title":{"rendered":"Documentos 2014 &#8211; 2015"},"content":{"rendered":"<p style=\"text-align: justify;\"><strong>Art. 7.- Difusi\u00f3n de la Informaci\u00f3n P\u00fablica.-<\/strong><\/p>\n<p style=\"text-align: justify;\">Por la transparencia en la gesti\u00f3n administrativa que est\u00e1n obligadas a observar todas las instituciones del Estado que conforman el sector p\u00fablico en los t\u00e9rminos del art\u00edculo 118 de la Constituci\u00f3n Pol\u00edtica de la Rep\u00fablica y dem\u00e1s entes se\u00f1alados en el art\u00edculo 1 de la presente Ley, difundir\u00e1n a trav\u00e9s de un portal de informaci\u00f3n o p\u00e1gina web, as\u00ed como de los medios necesarios a disposici\u00f3n del p\u00fablico, implementados en la misma instituci\u00f3n, la siguiente informaci\u00f3n m\u00ednima actualizada, que para efectos de esta Ley se la considera de naturaleza obligatoria:<\/p>\n<p style=\"text-align: justify;\"><strong>FORMATOS LOTAIP<\/strong><\/p>\n<p style=\"text-align: justify;\"><strong>a) Organizaci\u00f3n Interna<\/strong><br \/>\nEstructura Org\u00e1nica Funcional.<br \/>\nBase legal que la rige, regulaciones y procedimientos internos aplicables a la entidad.<br \/>\nMetas y Objetivos de las unidades administrativas de conformidad con sus programas operativos.<\/p>\n<p style=\"text-align: justify;\"><strong>b) Directorio<\/strong><br \/>\nDirectorio completo de la instituci\u00f3n; as\u00ed como su distributivo de personal.<\/p>\n<p style=\"text-align: justify;\"><a href=\"http:\/\/gpsanvicente.gob.ec\/azuay\/wp-content\/uploads\/2014\/10\/Informacion-Personal.docx\">Informacion Personal<\/a><\/p>\n<p style=\"text-align: justify;\"><strong>c) Remuneraciones<\/strong><br \/>\nRemuneraci\u00f3n mensual por puesto y todo ingreso adicional incluso el sistema de compensaci\u00f3n, seg\u00fan lo establezcan las disposiciones correspondientes.<\/p>\n<p style=\"text-align: justify;\"><a href=\"http:\/\/gpsanvicente.gob.ec\/azuay\/wp-content\/uploads\/2014\/10\/SUELDOS-2014.xlsx\">SUELDOS 2014<\/a><\/p>\n<p style=\"text-align: justify;\"><strong>d) Servicios<\/strong><br \/>\nServicios que ofrece y la forma de acceder a ellos, horarios de atenci\u00f3n y dem\u00e1s indicaciones necesarias.<\/p>\n<p style=\"text-align: justify;\"><strong>e) Contratos Colectivos<\/strong><br \/>\nTexto integro de todos los contratos colectivos vigentes en la instituci\u00f3n, as\u00ed como sus anexos y reformas.<\/p>\n<p style=\"text-align: justify;\"><strong>f) Formularios para Tr\u00e1mites<\/strong><br \/>\nSe publicar\u00e1n los formularios o formatos de solicitudes que se requieran para los tr\u00e1mites inherentes a su campo de acci\u00f3n.<\/p>\n<p style=\"text-align: justify;\"><strong>g) Presupuesto Anual<\/strong><br \/>\nInformaci\u00f3n total sobre el presupuesto anual que administra la instituci\u00f3n, especificando ingresos, gastos, financiamiento y resultados operativos de conformidad con los clasificadores presupuestales, as\u00ed como liquidaci\u00f3n del presupuesto, especificando destinatarios de la entrega de recursos p\u00fablicos.<\/p>\n<p style=\"text-align: justify;\"><a href=\"http:\/\/gpsanvicente.gob.ec\/azuay\/wp-content\/uploads\/2014\/10\/Financiero-abril-2014.zip\">Financiero abril 2014<\/a><\/p>\n<p style=\"text-align: justify;\"><a href=\"http:\/\/gpsanvicente.gob.ec\/azuay\/wp-content\/uploads\/2014\/10\/PRESUPUESTO-2015.xlsx\">PRESUPUESTO 2015<\/a><\/p>\n<p style=\"text-align: justify;\"><a href=\"http:\/\/gpsanvicente.gob.ec\/azuay\/wp-content\/uploads\/2014\/10\/balancecomprobacion2014.pdf\">balancecomprobacion2014<\/a><\/p>\n<p style=\"text-align: justify;\"><a href=\"http:\/\/gpsanvicente.gob.ec\/azuay\/wp-content\/uploads\/2014\/10\/cedulagastos-2014.pdf\">cedulagastos-2014<\/a><\/p>\n<p style=\"text-align: justify;\"><a href=\"http:\/\/gpsanvicente.gob.ec\/azuay\/wp-content\/uploads\/2014\/10\/cedulaingresos2014.pdf\">cedulaingresos2014<\/a><\/p>\n<p style=\"text-align: justify;\"><a href=\"http:\/\/gpsanvicente.gob.ec\/azuay\/wp-content\/uploads\/2014\/10\/ejecucionpresupuestaria2014.pdf\">ejecucionpresupuestaria2014<\/a><\/p>\n<p style=\"text-align: justify;\"><a href=\"http:\/\/gpsanvicente.gob.ec\/azuay\/wp-content\/uploads\/2014\/10\/estadoresultados2014.pdf\">estadoresultados2014<\/a><\/p>\n<p style=\"text-align: justify;\"><a href=\"http:\/\/gpsanvicente.gob.ec\/azuay\/wp-content\/uploads\/2014\/10\/flujoefectivo2014-opcion.pdf\">flujoefectivo2014 opcion<\/a><\/p>\n<p style=\"text-align: justify;\"><a href=\"http:\/\/gpsanvicente.gob.ec\/azuay\/wp-content\/uploads\/2014\/10\/flujoefectivo2014cierres.pdf\">flujoefectivo2014cierres<\/a><\/p>\n<p style=\"text-align: justify;\"><a href=\"http:\/\/gpsanvicente.gob.ec\/azuay\/wp-content\/uploads\/2014\/10\/programacaja2014.pdf\">programacaja2014<\/a><\/p>\n<p style=\"text-align: justify;\"><a href=\"http:\/\/gpsanvicente.gob.ec\/azuay\/wp-content\/uploads\/2014\/10\/situacionfinanciera2014.pdf\">situacionfinanciera2014<\/a><\/p>\n<p style=\"text-align: justify;\"><strong>h) Auditorias Internas<\/strong><br \/>\nLos resultados de las auditorias internas y gubernamentales al ejercicio presupuestal.<\/p>\n<p style=\"text-align: justify;\"><strong>i) Procesos de Contrataci\u00f3n<\/strong><br \/>\nInformaci\u00f3n completa y detallada sobre los procesos pree-contractuales, contractuales, de adjudicaci\u00f3n y liquidaci\u00f3n de bienes, prestaci\u00f3n de servicios, arrendamientos mercantiles, etc, celebrados por la instituci\u00f3n con personas naturales o jur\u00eddicas, incluidos concesiones permisos o autorizaciones.<\/p>\n<p style=\"text-align: justify;\"><a href=\"http:\/\/gpsanvicente.gob.ec\/azuay\/wp-content\/uploads\/2014\/10\/CONTRATO-CHOFER.pdf\">CONTRATO CHOFER<\/a><\/p>\n<p style=\"text-align: justify;\"><a href=\"http:\/\/gpsanvicente.gob.ec\/azuay\/wp-content\/uploads\/2014\/10\/CONTRATO-FISCALIZACION-VIAS-TASA-SOLIDARIA.pdf\">CONTRATO FISCALIZACION VIAS TASA SOLIDARIA<\/a><\/p>\n<p style=\"text-align: justify;\"><a href=\"http:\/\/gpsanvicente.gob.ec\/azuay\/wp-content\/uploads\/2014\/10\/CONTRATO-PARQUE-CENTRAL-SAN-VICENTE.pdf\">CONTRATO PARQUE CENTRAL SAN VICENTE<\/a><\/p>\n<p style=\"text-align: justify;\"><a href=\"http:\/\/gpsanvicente.gob.ec\/azuay\/wp-content\/uploads\/2014\/10\/CONTRATO-TECNICO-MAE.pdf\">CONTRATO TECNICO MAE<\/a><\/p>\n<p style=\"text-align: justify;\"><a href=\"http:\/\/gpsanvicente.gob.ec\/azuay\/wp-content\/uploads\/2014\/10\/CONTRATO-VIAS-TASA-SOLIDARIA.pdf\">CONTRATO VIAS TASA SOLIDARIA<\/a><\/p>\n<p style=\"text-align: justify;\"><strong>j) Incumplimientos<\/strong><br \/>\nUn listado de las empresas que han incumplido contratos con dicha instituci\u00f3n.<\/p>\n<p style=\"text-align: justify;\"><strong>k) Planes y Programas<\/strong><br \/>\nPlanes y Programas de la Instituci\u00f3n en ejecuci\u00f3n.<\/p>\n<p style=\"text-align: justify;\"><strong>l) Financiamiento Interno y Externo<\/strong><br \/>\nEl detalle de los contratos de cr\u00e9dito externos o internos; se se\u00f1alar\u00e1 la fuente de los fondos con los que se pagar\u00e1n esos cr\u00e9ditos. Cuando se trate de prestamos o \u00a0contratos de financiamiento, se har\u00e1 constar, como lo prev\u00e9 la Ley Org\u00e1nica de Administraci\u00f3n Financiera y Control, Ley Org\u00e1nica de Contralor\u00eda General del Estado y la Ley Org\u00e1nica de Responsabilidad y Transparencia Fiscal, las operaciones y contratos de Cr\u00e9dito, los montos, plazo, costos financieros o tipos de inter\u00e9s.<\/p>\n<p style=\"text-align: justify;\"><a href=\"http:\/\/gpsanvicente.gob.ec\/azuay\/wp-content\/uploads\/2014\/10\/CONVENIO-ASAFALTO-V-\u00ecAS-LA-MERCED.pdf\">CONVENIO ASAFALTO V+\u00ecAS LA MERCED<\/a><\/p>\n<p style=\"text-align: justify;\"><a href=\"http:\/\/gpsanvicente.gob.ec\/azuay\/wp-content\/uploads\/2014\/10\/CONVENIO-PROYECTO-RIEGO-GPA.pdf\">CONVENIO PROYECTO RIEGO GPA<\/a><\/p>\n<p style=\"text-align: justify;\"><strong>m) Rendici\u00f3n de Cuentas<\/strong><br \/>\nMecanismos de rendici\u00f3n de cuentas a la ciudadan\u00eda, tales como metas e informes de gesti\u00f2n e indicadores de desempe\u00f1o.<\/p>\n<p style=\"text-align: justify;\"><strong>n) Gesti\u00f3n Institucional<\/strong><br \/>\nLos vi\u00e1ticos, informes de trabajo y justificativos de movilizaci\u00f3n nacional o internacional \u00a0de las autoridades, dignatarios y funcionarios p\u00f9blicos.<\/p>\n<p style=\"text-align: justify;\"><strong>o) Responsable de la Informaci\u00f3n<\/strong><br \/>\nEl nombre, direcci\u00f3n de la oficina, apartado postal y direcci\u00f3n electr\u00f3nica del responsable de atender la informaci\u00f3n p\u00fablica de que trata esta ley.<\/p>\n<p style=\"text-align: justify;\"><strong>s) Organismos Seccionales<\/strong><br \/>\nLos organismos seccionales, informar\u00e1n oportunamente a la ciudadan\u00eca de las resoluciones que adoptaren, mediante la publicaci\u00f3n de las actas de las respectivas sesiones de estos cuerpos colegiados, as\u00ed como sus planes de desarrollo local<\/p>\n","protected":false},"excerpt":{"rendered":"<p>Art. 7.- Difusi\u00f3n de la Informaci\u00f3n P\u00fablica.- Por la transparencia en la gesti\u00f3n administrativa que est\u00e1n obligadas a observar todas las instituciones del Estado que conforman el sector p\u00fablico en los t\u00e9rminos del art\u00edculo 118 de la Constituci\u00f3n Pol\u00edtica de la Rep\u00fablica y dem\u00e1s entes se\u00f1alados en el art\u00edculo 1 de la presente Ley, difundir\u00e1n&hellip;<\/p>\n","protected":false},"author":6,"featured_media":0,"parent":0,"menu_order":0,"comment_status":"closed","ping_status":"closed","template":"","meta":[],"class_list":["post-56","page","type-page","status-publish","hentry","description-off"],"_links":{"self":[{"href":"https:\/\/gpsanvicente.gob.ec\/azuay\/index.php?rest_route=\/wp\/v2\/pages\/56","targetHints":{"allow":["GET"]}}],"collection":[{"href":"https:\/\/gpsanvicente.gob.ec\/azuay\/index.php?rest_route=\/wp\/v2\/pages"}],"about":[{"href":"https:\/\/gpsanvicente.gob.ec\/azuay\/index.php?rest_route=\/wp\/v2\/types\/page"}],"author":[{"embeddable":true,"href":"https:\/\/gpsanvicente.gob.ec\/azuay\/index.php?rest_route=\/wp\/v2\/users\/6"}],"replies":[{"embeddable":true,"href":"https:\/\/gpsanvicente.gob.ec\/azuay\/index.php?rest_route=%2Fwp%2Fv2%2Fcomments&post=56"}],"version-history":[{"count":6,"href":"https:\/\/gpsanvicente.gob.ec\/azuay\/index.php?rest_route=\/wp\/v2\/pages\/56\/revisions"}],"predecessor-version":[{"id":232,"href":"https:\/\/gpsanvicente.gob.ec\/azuay\/index.php?rest_route=\/wp\/v2\/pages\/56\/revisions\/232"}],"wp:attachment":[{"href":"https:\/\/gpsanvicente.gob.ec\/azuay\/index.php?rest_route=%2Fwp%2Fv2%2Fmedia&parent=56"}],"curies":[{"name":"wp","href":"https:\/\/api.w.org\/{rel}","templated":true}]}}